{"id":152,"date":"2021-05-18T01:54:43","date_gmt":"2021-05-18T01:54:43","guid":{"rendered":"http:\/\/www.avgesad.com\/index.php\/about\/"},"modified":"2023-03-23T10:06:14","modified_gmt":"2023-03-23T10:06:14","slug":"hakkimizda","status":"publish","type":"page","link":"https:\/\/www.avgesad.com\/index.php\/hakkimizda\/","title":{"rendered":"Hakk\u0131m\u0131zda"},"content":{"rendered":"\t\t<div data-elementor-type=\"wp-page\" data-elementor-id=\"152\" class=\"elementor elementor-152\">\n\t\t\t\t\t\t\t\t\t<section class=\"elementor-section elementor-top-section elementor-element elementor-element-de4320f elementor-section-boxed elementor-section-height-default elementor-section-height-default\" data-id=\"de4320f\" data-element_type=\"section\" data-settings=\"{&quot;background_background&quot;:&quot;classic&quot;}\">\n\t\t\t\t\t\t<div class=\"elementor-container elementor-column-gap-no\">\n\t\t\t\t\t<div class=\"elementor-column elementor-col-100 elementor-top-column elementor-element elementor-element-7bdf3cf\" data-id=\"7bdf3cf\" data-element_type=\"column\">\n\t\t\t<div class=\"elementor-widget-wrap elementor-element-populated\">\n\t\t\t\t\t\t\t\t<div class=\"elementor-element elementor-element-61bec78 elementor-widget elementor-widget-heading\" data-id=\"61bec78\" data-element_type=\"widget\" data-widget_type=\"heading.default\">\n\t\t\t\t<div class=\"elementor-widget-container\">\n\t\t\t<style>\/*! elementor - v3.11.5 - 14-03-2023 *\/\n.elementor-heading-title{padding:0;margin:0;line-height:1}.elementor-widget-heading .elementor-heading-title[class*=elementor-size-]>a{color:inherit;font-size:inherit;line-height:inherit}.elementor-widget-heading .elementor-heading-title.elementor-size-small{font-size:15px}.elementor-widget-heading .elementor-heading-title.elementor-size-medium{font-size:19px}.elementor-widget-heading .elementor-heading-title.elementor-size-large{font-size:29px}.elementor-widget-heading .elementor-heading-title.elementor-size-xl{font-size:39px}.elementor-widget-heading .elementor-heading-title.elementor-size-xxl{font-size:59px}<\/style><h1 class=\"elementor-heading-title elementor-size-default\">KURULU\u015e AMACIMIZ<\/h1>\t\t<\/div>\n\t\t\t\t<\/div>\n\t\t\t\t\t<\/div>\n\t\t<\/div>\n\t\t\t\t\t\t\t<\/div>\n\t\t<\/section>\n\t\t\t\t<section class=\"elementor-section elementor-top-section elementor-element elementor-element-34a55b3 elementor-section-boxed elementor-section-height-default elementor-section-height-default\" data-id=\"34a55b3\" data-element_type=\"section\" data-settings=\"{&quot;background_background&quot;:&quot;classic&quot;}\">\n\t\t\t\t\t\t<div class=\"elementor-container elementor-column-gap-no\">\n\t\t\t\t\t<div class=\"elementor-column elementor-col-50 elementor-top-column elementor-element elementor-element-6b51a29\" data-id=\"6b51a29\" data-element_type=\"column\">\n\t\t\t<div class=\"elementor-widget-wrap elementor-element-populated\">\n\t\t\t\t\t\t\t\t<div class=\"elementor-element elementor-element-0208b8c elementor-widget elementor-widget-heading\" data-id=\"0208b8c\" data-element_type=\"widget\" data-widget_type=\"heading.default\">\n\t\t\t\t<div class=\"elementor-widget-container\">\n\t\t\t<h2 class=\"elementor-heading-title elementor-size-default\">Bizi daha yak\u0131ndan tan\u0131y\u0131n!<\/h2>\t\t<\/div>\n\t\t\t\t<\/div>\n\t\t\t\t<div class=\"elementor-element elementor-element-007526f elementor-widget-mobile__width-inherit elementor-widget-divider--view-line elementor-widget elementor-widget-divider\" data-id=\"007526f\" data-element_type=\"widget\" data-widget_type=\"divider.default\">\n\t\t\t\t<div class=\"elementor-widget-container\">\n\t\t\t<style>\/*! elementor - v3.11.5 - 14-03-2023 *\/\n.elementor-widget-divider{--divider-border-style:none;--divider-border-width:1px;--divider-color:#2c2c2c;--divider-icon-size:20px;--divider-element-spacing:10px;--divider-pattern-height:24px;--divider-pattern-size:20px;--divider-pattern-url:none;--divider-pattern-repeat:repeat-x}.elementor-widget-divider .elementor-divider{display:flex}.elementor-widget-divider .elementor-divider__text{font-size:15px;line-height:1;max-width:95%}.elementor-widget-divider .elementor-divider__element{margin:0 var(--divider-element-spacing);flex-shrink:0}.elementor-widget-divider .elementor-icon{font-size:var(--divider-icon-size)}.elementor-widget-divider .elementor-divider-separator{display:flex;margin:0;direction:ltr}.elementor-widget-divider--view-line_icon .elementor-divider-separator,.elementor-widget-divider--view-line_text .elementor-divider-separator{align-items:center}.elementor-widget-divider--view-line_icon .elementor-divider-separator:after,.elementor-widget-divider--view-line_icon .elementor-divider-separator:before,.elementor-widget-divider--view-line_text .elementor-divider-separator:after,.elementor-widget-divider--view-line_text .elementor-divider-separator:before{display:block;content:\"\";border-bottom:0;flex-grow:1;border-top:var(--divider-border-width) var(--divider-border-style) var(--divider-color)}.elementor-widget-divider--element-align-left .elementor-divider .elementor-divider-separator>.elementor-divider__svg:first-of-type{flex-grow:0;flex-shrink:100}.elementor-widget-divider--element-align-left .elementor-divider-separator:before{content:none}.elementor-widget-divider--element-align-left .elementor-divider__element{margin-left:0}.elementor-widget-divider--element-align-right .elementor-divider .elementor-divider-separator>.elementor-divider__svg:last-of-type{flex-grow:0;flex-shrink:100}.elementor-widget-divider--element-align-right .elementor-divider-separator:after{content:none}.elementor-widget-divider--element-align-right .elementor-divider__element{margin-right:0}.elementor-widget-divider:not(.elementor-widget-divider--view-line_text):not(.elementor-widget-divider--view-line_icon) .elementor-divider-separator{border-top:var(--divider-border-width) var(--divider-border-style) var(--divider-color)}.elementor-widget-divider--separator-type-pattern{--divider-border-style:none}.elementor-widget-divider--separator-type-pattern.elementor-widget-divider--view-line .elementor-divider-separator,.elementor-widget-divider--separator-type-pattern:not(.elementor-widget-divider--view-line) .elementor-divider-separator:after,.elementor-widget-divider--separator-type-pattern:not(.elementor-widget-divider--view-line) .elementor-divider-separator:before,.elementor-widget-divider--separator-type-pattern:not([class*=elementor-widget-divider--view]) .elementor-divider-separator{width:100%;min-height:var(--divider-pattern-height);-webkit-mask-size:var(--divider-pattern-size) 100%;mask-size:var(--divider-pattern-size) 100%;-webkit-mask-repeat:var(--divider-pattern-repeat);mask-repeat:var(--divider-pattern-repeat);background-color:var(--divider-color);-webkit-mask-image:var(--divider-pattern-url);mask-image:var(--divider-pattern-url)}.elementor-widget-divider--no-spacing{--divider-pattern-size:auto}.elementor-widget-divider--bg-round{--divider-pattern-repeat:round}.rtl .elementor-widget-divider .elementor-divider__text{direction:rtl}.e-con-inner>.elementor-widget-divider,.e-con>.elementor-widget-divider{width:var(--container-widget-width,100%);--flex-grow:var(--container-widget-flex-grow)}<\/style>\t\t<div class=\"elementor-divider\">\n\t\t\t<span class=\"elementor-divider-separator\">\n\t\t\t\t\t\t<\/span>\n\t\t<\/div>\n\t\t\t\t<\/div>\n\t\t\t\t<\/div>\n\t\t\t\t\t<\/div>\n\t\t<\/div>\n\t\t\t\t<div class=\"elementor-column elementor-col-50 elementor-top-column elementor-element elementor-element-fe6bc00\" data-id=\"fe6bc00\" data-element_type=\"column\">\n\t\t\t<div class=\"elementor-widget-wrap elementor-element-populated\">\n\t\t\t\t\t\t\t\t<div class=\"elementor-element elementor-element-6cc629f elementor-widget elementor-widget-text-editor\" data-id=\"6cc629f\" data-element_type=\"widget\" data-widget_type=\"text-editor.default\">\n\t\t\t\t<div class=\"elementor-widget-container\">\n\t\t\t<style>\/*! elementor - v3.11.5 - 14-03-2023 *\/\n.elementor-widget-text-editor.elementor-drop-cap-view-stacked .elementor-drop-cap{background-color:#818a91;color:#fff}.elementor-widget-text-editor.elementor-drop-cap-view-framed .elementor-drop-cap{color:#818a91;border:3px solid;background-color:transparent}.elementor-widget-text-editor:not(.elementor-drop-cap-view-default) .elementor-drop-cap{margin-top:8px}.elementor-widget-text-editor:not(.elementor-drop-cap-view-default) .elementor-drop-cap-letter{width:1em;height:1em}.elementor-widget-text-editor .elementor-drop-cap{float:left;text-align:center;line-height:1;font-size:50px}.elementor-widget-text-editor .elementor-drop-cap-letter{display:inline-block}<\/style>\t\t\t\t<p>Polatl\u0131 il\u00e7esi ba\u015fta olmak \u00fczere \u00fclkemizin sosyal, k\u00fclt\u00fcrel, ekonomik kalk\u0131nmas\u0131na katk\u0131 sa\u011flamak amac\u0131 ile gen\u00e7ler, kad\u0131nlar, engelliler, h\u00fck\u00fcml\u00fcler, yoksullar, \u00f6\u011frenciler ba\u015fta olmak \u00fczere farkl\u0131 t\u00fcm ihtiya\u00e7 gruplar\u0131 i\u00e7in e\u011fitim, k\u00fclt\u00fcr, tarih, sanat, arkeoloji, spor, turizm, sa\u011fl\u0131k, sosyal, ekonomik ve kalk\u0131nma i\u00e7erikli toplum yarar\u0131na yenilik\u00e7i ve alternatif projeler \u00fcreterek; b\u00fcy\u00fck toplumsal gruplar\u0131 \u00fcretken bireylere d\u00f6n\u00fc\u015ft\u00fcrmek, istihdam edilebilirliklerini artt\u0131rarak kalk\u0131nmalar\u0131n\u0131 ve toplumsal ya\u015fama entegrasyonlar\u0131n\u0131 h\u0131zland\u0131rmak,<\/p><p>K\u00fclt\u00fcrel de\u011ferleri ya\u015fatman\u0131n yan\u0131s\u0131ra il\u00e7emizdeki ve \u00fclkemizde gen\u00e7ler ba\u015fta olmak \u00fczere \u00fclke insan\u0131m\u0131z\u0131n Avrupa ve di\u011fer \u00fclke k\u00fclt\u00fcrlerini tan\u0131ma ve birlikte ortak \u00e7al\u0131\u015fmalar yapabilme kabiliyetlerini geli\u015ftirmek, tarih\u00ee ve k\u00fclt\u00fcrel varl\u0131klar\u0131n tarihini ve yok edilmesini \u00f6nlemek, \u00fclke ve kamu yararlar\u0131 do\u011frultusunda arkeoloji alan\u0131nda \u00e7al\u0131\u015fmalar yaparak, bu alanda resmi ve \u00f6zel, ulusal ve uluslararas\u0131 kurum ve kurulu\u015flarla e\u015fg\u00fcd\u00fcm i\u00e7erisinde \u00e7al\u0131\u015fmalar yapmak, i\u015fbirli\u011fi yapmak,<\/p><p>\u00dclke ve Kamu yararlar\u0131 do\u011frultusunda arkeoloji alan\u0131nda \u00e7al\u0131\u015fmalar yapabilmek ad\u0131na proje \u00e7al\u0131\u015fmalar\u0131 yapmak, arkeoloji ve arkeologlar\u0131 ilgilendiren meslekler aras\u0131 ileti\u015fimin sa\u011flanmas\u0131 ve di\u011fer k\u00fclt\u00fcrel olaylarla dernek \u00fcyelerinin ileti\u015fimini kurmak i\u00e7in, ilgili Bakanl\u0131k ve t\u00fczel ki\u015fili\u011fe sahip kamu kurum ve kurulu\u015flar\u0131n\u0131n d\u00fczenledi\u011fi kurs, seminer, konferans, panel, sempozyum, sergi, inceleme gezisi ve bilimsel \u00e7al\u0131\u015fma ekiplerine dernek \u00fcyelerinin kat\u0131l\u0131m\u0131n\u0131 sa\u011flamak,<\/p><p>\u00dclkemizde ve d\u00fcnyan\u0131n de\u011fi\u015fik co\u011frafyalar\u0131nda ya\u015fayan gen\u00e7ler ba\u015fta olmak \u00fczere t\u00fcm d\u00fcnya gen\u00e7li\u011finin ve yeti\u015fkin insanlar\u0131n, d\u00fczenlenecek e\u011fitim, k\u00fclt\u00fcr, spor vb. di\u011fer soysal faaliyetler ile birlikte ya\u015famalar\u0131na y\u00f6nelik ortak k\u00fclt\u00fcr olu\u015fturmalar\u0131n\u0131 destekleyecek, spor ve sa\u011fl\u0131k temal\u0131 organizasyonlar\u0131 d\u00fczenlemek,<\/p><p>\u00dclke gen\u00e7lerimizin Avrupa ba\u015fta olmak \u00fczere, d\u00fcnyan\u0131n farkl\u0131 co\u011frafyalar\u0131na e\u011fitim, k\u00fclt\u00fcr veya ticari sebeplerle gitmelerine yeni k\u00fclt\u00fcrler tan\u0131malar\u0131na ve kendi k\u00fclt\u00fcrlerini tan\u0131tmalar\u0131na, dil ba\u015fta olmak \u00fczere ki\u015fisel becerilerini geli\u015fimlerini sa\u011flayacak ulusal ve uluslararas\u0131 programlar\u0131na kat\u0131lmalar\u0131na y\u00f6nelik \u00e7al\u0131\u015fmalar yapmak,\u00a0<\/p><p>Engelli oldu\u011fu i\u00e7in ya da \u00e7ocuk ya\u015fta evlendirildi\u011fi i\u00e7in ayr\u0131mc\u0131l\u0131\u011fa maruz kalm\u0131\u015f ve dezavantaj\u0131 di\u011fer bireylere g\u00f6re daha fazla olan \u00e7ifte dezavantajl\u0131 gruplar ba\u015fta olmak \u00fczere t\u00fcm kad\u0131n, gen\u00e7 ve engellilerin i\u015f, e\u011fitim, politik kat\u0131l\u0131m gibi alanlarda toplumsal hayata e\u015fit ve aktif olarak kat\u0131l\u0131mlar\u0131n\u0131 sa\u011flamak, kad\u0131n, gen\u00e7 ve engellilere y\u00f6nelik ayr\u0131mc\u0131l\u0131\u011fa ve f\u0131rsat e\u015fitli\u011finin \u00f6n\u00fcndeki engellerin kald\u0131r\u0131larak kad\u0131n, gen\u00e7 ve engellilerin toplumsal kat\u0131l\u0131m\u0131n\u0131 te\u015fvik edecek \u00e7al\u0131\u015fmalar yapmak, ekonomik hayata kat\u0131l\u0131m\u0131 \u00f6n\u00fcndeki engellerin kald\u0131r\u0131lmas\u0131 i\u00e7in potansiyel \u00e7\u00f6z\u00fcmler \u00fcretmek, \u00e7al\u0131\u015fmalar yapmak,<\/p><p>\u00c7ocuk ya\u015fta evlendirildikleri i\u00e7in e\u011fitimlerinden, sa\u011fl\u0131klar\u0131ndan ve gelecekte ki di\u011fer imk\u00e2nlardan mahrum b\u0131rak\u0131lan \u00e7ocuk ve gen\u00e7lerin ya\u015fad\u0131klar\u0131 sorunlar\u0131n \u00e7\u00f6z\u00fcm\u00fcne y\u00f6nelik faaliyetler i\u00e7eren projeler haz\u0131rlamak, bu alanda y\u00fcr\u00fct\u00fclen projelere destek olmak,<\/p><p>Mesleki e\u011fitim ile ilgili \u00e7al\u0131\u015fmalar\u0131 desteklemek suretiyle Mesleki ve teknik e\u011fitiminin geli\u015fmesine, yay\u0131lmas\u0131na katk\u0131 sa\u011flayacak, gen\u00e7lerin, kad\u0131nlar\u0131n ve di\u011fer bireylerin mesleki becerilerini art\u0131racak projeler geli\u015ftirmek,<\/p><p>Polatl\u0131 il\u00e7esi ba\u015fta olmak \u00fczere, \u00fclkemizin ve t\u00fcm d\u00fcnyan\u0131n do\u011fas\u0131n\u0131, biyolojik \u00e7e\u015fitlili\u011fini, ekolojik s\u00fcre\u00e7lerini ve ekolojik b\u00fct\u00fcnl\u00fc\u011f\u00fcn\u00fc korumaya katk\u0131da bulunmak i\u00e7in, ba\u015fta \u00fclkemiz olmak \u00fczere D\u00fcnya \u00f6l\u00e7e\u011finde ekolojik ya\u015fam bilinci ve duyarl\u0131l\u0131\u011f\u0131 olu\u015fturmak; ortaya \u00e7\u0131kan sorunlara \u00e7\u00f6z\u00fcm yollar\u0131 sunmak ve do\u011fa ile uyumlu ya\u015fam\u0131 desteklemektir,<\/p><p>K\u0131rsal ve kentsel kalk\u0131nmayla ilgili temel sorun ve potansiyelleri ortaya koymak, potansiyelleri ve engelleri \u201cs\u00fcrd\u00fcr\u00fclebilir kalk\u0131nma\u201d ama\u00e7lar\u0131 do\u011frultusunda yeniden tan\u0131mlayabilmek i\u00e7in kat\u0131l\u0131mc\u0131 alan ara\u015ft\u0131rmalar\u0131n\u0131 planlamak, ger\u00e7ekle\u015ftirmek ve bu alandaki giri\u015fimleri desteklemek, \u0130\u00e7inde bulundu\u011fumuz il\u00e7emizi ve b\u00f6lgemizi ekonomik, k\u00fclt\u00fcrel ve turizm ve e\u011fitim a\u00e7\u0131lar\u0131ndan bir cazibe merkezine d\u00f6n\u00fc\u015ft\u00fcrecek kalk\u0131nma \u00e7al\u0131\u015fmalar\u0131n\u0131n ve stratejilerinin geli\u015ftirilmesinde ve hayata ge\u00e7irilmesinde rol almak,<\/p><p>Ba\u015fta Avrupa Birli\u011fi, D\u00fcnya Bankas\u0131 olmak \u00fczere, e\u011fitim, mesleki e\u011fitim, gen\u00e7lik, sa\u011fl\u0131k, spor, turizm, ve hayat boyu \u00f6\u011frenimi kapsayan ulusal ve uluslar aras\u0131 projeler haz\u0131rlamak, y\u00f6netmek, ortak olmak,<\/p><p>Toplumda bireylerin sa\u011fl\u0131klar\u0131n\u0131 koruma ve sa\u011fl\u0131kl\u0131 ya\u015fam s\u00fcrmelerine katk\u0131da bulunacak \u00e7al\u0131\u015fmalar yap\u0131p projeler y\u00fcr\u00fctmek, sa\u011fl\u0131k konusunda\u00a0 fark\u0131ndal\u0131k yaratmakt\u0131r.<\/p>\t\t\t\t\t\t<\/div>\n\t\t\t\t<\/div>\n\t\t\t\t\t<\/div>\n\t\t<\/div>\n\t\t\t\t\t\t\t<\/div>\n\t\t<\/section>\n\t\t\t\t<section class=\"elementor-section elementor-top-section elementor-element elementor-element-4784e36 elementor-section-boxed elementor-section-height-default elementor-section-height-default\" data-id=\"4784e36\" data-element_type=\"section\" data-settings=\"{&quot;background_background&quot;:&quot;classic&quot;}\">\n\t\t\t\t\t\t<div class=\"elementor-container elementor-column-gap-no\">\n\t\t\t\t\t<div class=\"elementor-column elementor-col-100 elementor-top-column elementor-element elementor-element-66dba7e\" data-id=\"66dba7e\" data-element_type=\"column\">\n\t\t\t<div class=\"elementor-widget-wrap elementor-element-populated\">\n\t\t\t\t\t\t\t\t<div class=\"elementor-element elementor-element-08b911b elementor-widget elementor-widget-heading\" data-id=\"08b911b\" data-element_type=\"widget\" data-widget_type=\"heading.default\">\n\t\t\t\t<div class=\"elementor-widget-container\">\n\t\t\t<h6 class=\"elementor-heading-title elementor-size-default\">Dernek \u0130statistiklerimiz<\/h6>\t\t<\/div>\n\t\t\t\t<\/div>\n\t\t\t\t<div class=\"elementor-element elementor-element-e672809 elementor-widget__width-initial elementor-widget-mobile__width-initial elementor-widget elementor-widget-counter\" data-id=\"e672809\" data-element_type=\"widget\" data-widget_type=\"counter.default\">\n\t\t\t\t<div class=\"elementor-widget-container\">\n\t\t\t<style>\/*! elementor - v3.11.5 - 14-03-2023 *\/\n.elementor-counter .elementor-counter-number-wrapper{display:flex;font-size:69px;font-weight:600;line-height:1}.elementor-counter .elementor-counter-number-prefix,.elementor-counter .elementor-counter-number-suffix{flex-grow:1;white-space:pre-wrap}.elementor-counter .elementor-counter-number-prefix{text-align:right}.elementor-counter .elementor-counter-number-suffix{text-align:left}.elementor-counter .elementor-counter-title{text-align:center;font-size:19px;font-weight:400;line-height:2.5}<\/style>\t\t<div class=\"elementor-counter\">\n\t\t\t<div class=\"elementor-counter-number-wrapper\">\n\t\t\t\t<span class=\"elementor-counter-number-prefix\"><\/span>\n\t\t\t\t<span class=\"elementor-counter-number\" data-duration=\"2000\" data-to-value=\"2\" data-from-value=\"0\">0<\/span>\n\t\t\t\t<span class=\"elementor-counter-number-suffix\">K+<\/span>\n\t\t\t<\/div>\n\t\t\t\t\t\t\t<div class=\"elementor-counter-title\">Kay\u0131tl\u0131 \u00dcyemiz<\/div>\n\t\t\t\t\t<\/div>\n\t\t\t\t<\/div>\n\t\t\t\t<\/div>\n\t\t\t\t<div class=\"elementor-element elementor-element-7d1ee46 elementor-widget__width-initial elementor-widget-mobile__width-initial elementor-widget elementor-widget-counter\" data-id=\"7d1ee46\" data-element_type=\"widget\" data-widget_type=\"counter.default\">\n\t\t\t\t<div class=\"elementor-widget-container\">\n\t\t\t\t\t<div class=\"elementor-counter\">\n\t\t\t<div class=\"elementor-counter-number-wrapper\">\n\t\t\t\t<span class=\"elementor-counter-number-prefix\"><\/span>\n\t\t\t\t<span class=\"elementor-counter-number\" data-duration=\"2000\" data-to-value=\"90\" data-from-value=\"0\">0<\/span>\n\t\t\t\t<span class=\"elementor-counter-number-suffix\">+<\/span>\n\t\t\t<\/div>\n\t\t\t\t\t\t\t<div class=\"elementor-counter-title\">Tamamlanm\u0131\u015f Proje<\/div>\n\t\t\t\t\t<\/div>\n\t\t\t\t<\/div>\n\t\t\t\t<\/div>\n\t\t\t\t<div class=\"elementor-element elementor-element-534c349 elementor-widget__width-initial elementor-widget-mobile__width-initial elementor-widget elementor-widget-counter\" data-id=\"534c349\" data-element_type=\"widget\" data-widget_type=\"counter.default\">\n\t\t\t\t<div class=\"elementor-widget-container\">\n\t\t\t\t\t<div class=\"elementor-counter\">\n\t\t\t<div class=\"elementor-counter-number-wrapper\">\n\t\t\t\t<span class=\"elementor-counter-number-prefix\"><\/span>\n\t\t\t\t<span class=\"elementor-counter-number\" data-duration=\"2000\" data-to-value=\"80\" data-from-value=\"0\">0<\/span>\n\t\t\t\t<span class=\"elementor-counter-number-suffix\">+<\/span>\n\t\t\t<\/div>\n\t\t\t\t\t\t\t<div class=\"elementor-counter-title\">Kul\u00fcp ve Aktiviteler<\/div>\n\t\t\t\t\t<\/div>\n\t\t\t\t<\/div>\n\t\t\t\t<\/div>\n\t\t\t\t<div class=\"elementor-element elementor-element-395b0c1 elementor-widget__width-initial elementor-widget-mobile__width-initial elementor-widget elementor-widget-counter\" data-id=\"395b0c1\" data-element_type=\"widget\" data-widget_type=\"counter.default\">\n\t\t\t\t<div class=\"elementor-widget-container\">\n\t\t\t\t\t<div class=\"elementor-counter\">\n\t\t\t<div class=\"elementor-counter-number-wrapper\">\n\t\t\t\t<span class=\"elementor-counter-number-prefix\"><\/span>\n\t\t\t\t<span class=\"elementor-counter-number\" data-duration=\"2000\" data-to-value=\"100\" data-from-value=\"0\">0<\/span>\n\t\t\t\t<span class=\"elementor-counter-number-suffix\">+<\/span>\n\t\t\t<\/div>\n\t\t\t\t\t\t\t<div class=\"elementor-counter-title\">Gidilen \u00dclkeler<\/div>\n\t\t\t\t\t<\/div>\n\t\t\t\t<\/div>\n\t\t\t\t<\/div>\n\t\t\t\t<div class=\"elementor-element elementor-element-7344b4b elementor-widget-divider--view-line elementor-widget elementor-widget-divider\" data-id=\"7344b4b\" data-element_type=\"widget\" data-widget_type=\"divider.default\">\n\t\t\t\t<div class=\"elementor-widget-container\">\n\t\t\t\t\t<div class=\"elementor-divider\">\n\t\t\t<span class=\"elementor-divider-separator\">\n\t\t\t\t\t\t<\/span>\n\t\t<\/div>\n\t\t\t\t<\/div>\n\t\t\t\t<\/div>\n\t\t\t\t<div class=\"elementor-element elementor-element-2efb87c elementor-widget__width-initial elementor-widget-mobile__width-inherit elementor-widget elementor-widget-heading\" data-id=\"2efb87c\" data-element_type=\"widget\" data-widget_type=\"heading.default\">\n\t\t\t\t<div class=\"elementor-widget-container\">\n\t\t\t<h6 class=\"elementor-heading-title elementor-size-default\">Faaliyet Alan\u0131m\u0131z<\/h6>\t\t<\/div>\n\t\t\t\t<\/div>\n\t\t\t\t<div class=\"elementor-element elementor-element-d31aedb elementor-widget__width-initial elementor-widget-mobile__width-inherit elementor-widget elementor-widget-text-editor\" data-id=\"d31aedb\" data-element_type=\"widget\" data-widget_type=\"text-editor.default\">\n\t\t\t\t<div class=\"elementor-widget-container\">\n\t\t\t\t\t\t\t<p>Dernek, gen\u00e7lik, sa\u011fl\u0131k, e\u011fitim, spor, k\u00fclt\u00fcr, sosyal ve ekonomik kalk\u0131nma alanlar\u0131nda yurt i\u00e7inde ve yurt d\u0131\u015f\u0131nda faaliyet g\u00f6sterir.<\/p>\t\t\t\t\t\t<\/div>\n\t\t\t\t<\/div>\n\t\t\t\t<div class=\"elementor-element elementor-element-16c00f8 elementor-widget-divider--view-line elementor-widget elementor-widget-divider\" data-id=\"16c00f8\" data-element_type=\"widget\" data-widget_type=\"divider.default\">\n\t\t\t\t<div class=\"elementor-widget-container\">\n\t\t\t\t\t<div class=\"elementor-divider\">\n\t\t\t<span class=\"elementor-divider-separator\">\n\t\t\t\t\t\t<\/span>\n\t\t<\/div>\n\t\t\t\t<\/div>\n\t\t\t\t<\/div>\n\t\t\t\t<section class=\"elementor-section elementor-inner-section elementor-element elementor-element-9038783 elementor-section-boxed elementor-section-height-default elementor-section-height-default\" data-id=\"9038783\" data-element_type=\"section\">\n\t\t\t\t\t\t<div class=\"elementor-container elementor-column-gap-default\">\n\t\t\t\t\t<div class=\"elementor-column elementor-col-100 elementor-inner-column elementor-element elementor-element-b1bef0e\" data-id=\"b1bef0e\" data-element_type=\"column\">\n\t\t\t<div class=\"elementor-widget-wrap\">\n\t\t\t\t\t\t\t\t\t<\/div>\n\t\t<\/div>\n\t\t\t\t\t\t\t<\/div>\n\t\t<\/section>\n\t\t\t\t\t<\/div>\n\t\t<\/div>\n\t\t\t\t\t\t\t<\/div>\n\t\t<\/section>\n\t\t\t\t\t\t\t<\/div>\n\t\t","protected":false},"excerpt":{"rendered":"<p>KURULU\u015e AMACIMIZ Bizi daha yak\u0131ndan tan\u0131y\u0131n! Polatl\u0131 il\u00e7esi ba\u015fta olmak \u00fczere \u00fclkemizin sosyal, k\u00fclt\u00fcrel, ekonomik kalk\u0131nmas\u0131na katk\u0131 sa\u011flamak amac\u0131 ile gen\u00e7ler, kad\u0131nlar, engelliler, h\u00fck\u00fcml\u00fcler, yoksullar, \u00f6\u011frenciler ba\u015fta olmak \u00fczere farkl\u0131 t\u00fcm ihtiya\u00e7 gruplar\u0131 i\u00e7in e\u011fitim, k\u00fclt\u00fcr, tarih, sanat, arkeoloji, spor, turizm, sa\u011fl\u0131k, sosyal, ekonomik ve kalk\u0131nma i\u00e7erikli toplum yarar\u0131na yenilik\u00e7i ve alternatif projeler \u00fcreterek; b\u00fcy\u00fck &hellip;<\/p>\n<p class=\"read-more\"> <a class=\"\" href=\"https:\/\/www.avgesad.com\/index.php\/hakkimizda\/\"> <span class=\"screen-reader-text\">Hakk\u0131m\u0131zda<\/span> Devam\u0131 &raquo;<\/a><\/p>\n","protected":false},"author":1,"featured_media":0,"parent":0,"menu_order":0,"comment_status":"closed","ping_status":"closed","template":"","meta":{"_uag_custom_page_level_css":"","site-sidebar-layout":"no-sidebar","site-content-layout":"page-builder","ast-global-header-display":"","ast-main-header-display":"","ast-hfb-above-header-display":"","ast-hfb-below-header-display":"","ast-hfb-mobile-header-display":"","site-post-title":"disabled","ast-breadcrumbs-content":"disabled","ast-featured-img":"disabled","footer-sml-layout":"","theme-transparent-header-meta":"default","adv-header-id-meta":"","stick-header-meta":"","header-above-stick-meta":"","header-main-stick-meta":"","header-below-stick-meta":"","_ti_tpc_template_sync":false,"_ti_tpc_template_id":"","footnotes":""},"uagb_featured_image_src":{"full":false,"thumbnail":false,"medium":false,"medium_large":false,"large":false,"1536x1536":false,"2048x2048":false},"uagb_author_info":{"display_name":"admin","author_link":"https:\/\/www.avgesad.com\/index.php\/author\/admin\/"},"uagb_comment_info":0,"uagb_excerpt":"KURULU\u015e AMACIMIZ Bizi daha yak\u0131ndan tan\u0131y\u0131n! Polatl\u0131 il\u00e7esi ba\u015fta olmak \u00fczere \u00fclkemizin sosyal, k\u00fclt\u00fcrel, ekonomik kalk\u0131nmas\u0131na katk\u0131 sa\u011flamak amac\u0131 ile gen\u00e7ler, kad\u0131nlar, engelliler, h\u00fck\u00fcml\u00fcler, yoksullar, \u00f6\u011frenciler ba\u015fta olmak \u00fczere farkl\u0131 t\u00fcm ihtiya\u00e7 gruplar\u0131 i\u00e7in e\u011fitim, k\u00fclt\u00fcr, tarih, sanat, arkeoloji, spor, turizm, sa\u011fl\u0131k, sosyal, ekonomik ve kalk\u0131nma i\u00e7erikli toplum yarar\u0131na yenilik\u00e7i ve alternatif projeler \u00fcreterek; b\u00fcy\u00fck&hellip;","_links":{"self":[{"href":"https:\/\/www.avgesad.com\/index.php\/wp-json\/wp\/v2\/pages\/152"}],"collection":[{"href":"https:\/\/www.avgesad.com\/index.php\/wp-json\/wp\/v2\/pages"}],"about":[{"href":"https:\/\/www.avgesad.com\/index.php\/wp-json\/wp\/v2\/types\/page"}],"author":[{"embeddable":true,"href":"https:\/\/www.avgesad.com\/index.php\/wp-json\/wp\/v2\/users\/1"}],"replies":[{"embeddable":true,"href":"https:\/\/www.avgesad.com\/index.php\/wp-json\/wp\/v2\/comments?post=152"}],"version-history":[{"count":5,"href":"https:\/\/www.avgesad.com\/index.php\/wp-json\/wp\/v2\/pages\/152\/revisions"}],"predecessor-version":[{"id":682,"href":"https:\/\/www.avgesad.com\/index.php\/wp-json\/wp\/v2\/pages\/152\/revisions\/682"}],"wp:attachment":[{"href":"https:\/\/www.avgesad.com\/index.php\/wp-json\/wp\/v2\/media?parent=152"}],"curies":[{"name":"wp","href":"https:\/\/api.w.org\/{rel}","templated":true}]}}